{"id":2081,"date":"2023-06-07T09:56:23","date_gmt":"2023-06-07T09:56:23","guid":{"rendered":"https:\/\/vanderdriftroses.com\/lequipe\/"},"modified":"2023-06-07T09:56:23","modified_gmt":"2023-06-07T09:56:23","slug":"lequipe","status":"publish","type":"page","link":"https:\/\/vanderdriftroses.com\/fr\/lequipe\/","title":{"rendered":"L&rsquo;\u00e9quipe"},"content":{"rendered":"\t\t<div data-elementor-type=\"wp-page\" data-elementor-id=\"2081\" class=\"elementor elementor-2081 elementor-504\" data-elementor-post-type=\"page\">\n\t\t\t\t\t\t<section class=\"elementor-section elementor-top-section elementor-element elementor-element-a906b7f elementor-section-height-min-height elementor-section-items-bottom elementor-section-boxed elementor-section-height-default\" data-id=\"a906b7f\" data-element_type=\"section\" data-settings=\"{&quot;jet_parallax_layout_list&quot;:[{&quot;jet_parallax_layout_image&quot;:{&quot;url&quot;:&quot;&quot;,&quot;id&quot;:&quot;&quot;,&quot;size&quot;:&quot;&quot;},&quot;_id&quot;:&quot;4e366d7&quot;,&quot;jet_parallax_layout_image_tablet&quot;:{&quot;url&quot;:&quot;&quot;,&quot;id&quot;:&quot;&quot;,&quot;size&quot;:&quot;&quot;},&quot;jet_parallax_layout_image_mobile&quot;:{&quot;url&quot;:&quot;&quot;,&quot;id&quot;:&quot;&quot;,&quot;size&quot;:&quot;&quot;},&quot;jet_parallax_layout_speed&quot;:{&quot;unit&quot;:&quot;%&quot;,&quot;size&quot;:50,&quot;sizes&quot;:[]},&quot;jet_parallax_layout_type&quot;:&quot;scroll&quot;,&quot;jet_parallax_layout_direction&quot;:&quot;1&quot;,&quot;jet_parallax_layout_fx_direction&quot;:null,&quot;jet_parallax_layout_z_index&quot;:&quot;&quot;,&quot;jet_parallax_layout_bg_x&quot;:50,&quot;jet_parallax_layout_bg_x_tablet&quot;:&quot;&quot;,&quot;jet_parallax_layout_bg_x_mobile&quot;:&quot;&quot;,&quot;jet_parallax_layout_bg_y&quot;:50,&quot;jet_parallax_layout_bg_y_tablet&quot;:&quot;&quot;,&quot;jet_parallax_layout_bg_y_mobile&quot;:&quot;&quot;,&quot;jet_parallax_layout_bg_size&quot;:&quot;auto&quot;,&quot;jet_parallax_layout_bg_size_tablet&quot;:&quot;&quot;,&quot;jet_parallax_layout_bg_size_mobile&quot;:&quot;&quot;,&quot;jet_parallax_layout_animation_prop&quot;:&quot;transform&quot;,&quot;jet_parallax_layout_on&quot;:[&quot;desktop&quot;,&quot;tablet&quot;]}],&quot;background_background&quot;:&quot;classic&quot;}\">\n\t\t\t\t\t\t\t<div class=\"elementor-background-overlay\"><\/div>\n\t\t\t\t\t\t\t<div class=\"elementor-container elementor-column-gap-default\">\n\t\t\t\t\t<div class=\"elementor-column elementor-col-100 elementor-top-column elementor-element elementor-element-04ab0a0\" data-id=\"04ab0a0\" data-element_type=\"column\">\n\t\t\t<div class=\"elementor-widget-wrap elementor-element-populated\">\n\t\t\t\t\t\t<div class=\"elementor-element elementor-element-75d4c9b elementor-widget elementor-widget-heading\" data-id=\"75d4c9b\" data-element_type=\"widget\" data-widget_type=\"heading.default\">\n\t\t\t\t<div class=\"elementor-widget-container\">\n\t\t\t\t\t<h1 class=\"elementor-heading-title elementor-size-default\">L'\u00e9quipe<\/h1>\t\t\t\t<\/div>\n\t\t\t\t<\/div>\n\t\t\t\t\t<\/div>\n\t\t<\/div>\n\t\t\t\t\t<\/div>\n\t\t<\/section>\n\t\t\t\t<section class=\"elementor-section elementor-top-section elementor-element elementor-element-c89d876 elementor-section-height-min-height elementor-section-items-stretch elementor-section-boxed elementor-section-height-default\" data-id=\"c89d876\" data-element_type=\"section\" data-settings=\"{&quot;jet_parallax_layout_list&quot;:[{&quot;jet_parallax_layout_image&quot;:{&quot;url&quot;:&quot;&quot;,&quot;id&quot;:&quot;&quot;,&quot;size&quot;:&quot;&quot;},&quot;_id&quot;:&quot;7ff061a&quot;,&quot;jet_parallax_layout_image_tablet&quot;:{&quot;url&quot;:&quot;&quot;,&quot;id&quot;:&quot;&quot;,&quot;size&quot;:&quot;&quot;},&quot;jet_parallax_layout_image_mobile&quot;:{&quot;url&quot;:&quot;&quot;,&quot;id&quot;:&quot;&quot;,&quot;size&quot;:&quot;&quot;},&quot;jet_parallax_layout_speed&quot;:{&quot;unit&quot;:&quot;%&quot;,&quot;size&quot;:50,&quot;sizes&quot;:[]},&quot;jet_parallax_layout_type&quot;:&quot;scroll&quot;,&quot;jet_parallax_layout_direction&quot;:&quot;1&quot;,&quot;jet_parallax_layout_fx_direction&quot;:null,&quot;jet_parallax_layout_z_index&quot;:&quot;&quot;,&quot;jet_parallax_layout_bg_x&quot;:50,&quot;jet_parallax_layout_bg_x_tablet&quot;:&quot;&quot;,&quot;jet_parallax_layout_bg_x_mobile&quot;:&quot;&quot;,&quot;jet_parallax_layout_bg_y&quot;:50,&quot;jet_parallax_layout_bg_y_tablet&quot;:&quot;&quot;,&quot;jet_parallax_layout_bg_y_mobile&quot;:&quot;&quot;,&quot;jet_parallax_layout_bg_size&quot;:&quot;auto&quot;,&quot;jet_parallax_layout_bg_size_tablet&quot;:&quot;&quot;,&quot;jet_parallax_layout_bg_size_mobile&quot;:&quot;&quot;,&quot;jet_parallax_layout_animation_prop&quot;:&quot;transform&quot;,&quot;jet_parallax_layout_on&quot;:[&quot;desktop&quot;,&quot;tablet&quot;]}],&quot;background_background&quot;:&quot;classic&quot;}\">\n\t\t\t\t\t\t\t<div class=\"elementor-background-overlay\"><\/div>\n\t\t\t\t\t\t\t<div class=\"elementor-container elementor-column-gap-default\">\n\t\t\t\t\t<div class=\"elementor-column elementor-col-100 elementor-top-column elementor-element elementor-element-45b9a7c\" data-id=\"45b9a7c\" data-element_type=\"column\">\n\t\t\t<div class=\"elementor-widget-wrap elementor-element-populated\">\n\t\t\t\t\t\t<div class=\"elementor-element elementor-element-580a1a3 elementor-grid-2 elementor-grid-tablet-2 elementor-grid-mobile-1 elementor-posts--thumbnail-top elementor-card-shadow-yes elementor-posts__hover-gradient elementor-widget elementor-widget-posts\" data-id=\"580a1a3\" data-element_type=\"widget\" data-settings=\"{&quot;cards_columns&quot;:&quot;2&quot;,&quot;cards_row_gap&quot;:{&quot;unit&quot;:&quot;px&quot;,&quot;size&quot;:30,&quot;sizes&quot;:[]},&quot;cards_columns_tablet&quot;:&quot;2&quot;,&quot;cards_columns_mobile&quot;:&quot;1&quot;,&quot;cards_row_gap_tablet&quot;:{&quot;unit&quot;:&quot;px&quot;,&quot;size&quot;:&quot;&quot;,&quot;sizes&quot;:[]},&quot;cards_row_gap_mobile&quot;:{&quot;unit&quot;:&quot;px&quot;,&quot;size&quot;:&quot;&quot;,&quot;sizes&quot;:[]}}\" data-widget_type=\"posts.cards\">\n\t\t\t\t<div class=\"elementor-widget-container\">\n\t\t\t\t\t\t\t<div class=\"elementor-posts-container elementor-posts elementor-posts--skin-cards elementor-grid\">\n\t\t\t\t<article class=\"elementor-post elementor-grid-item post-2073 post type-post status-publish format-standard has-post-thumbnail hentry category-lequipe\">\n\t\t\t<div class=\"elementor-post__card\">\n\t\t\t\t<a class=\"elementor-post__thumbnail__link\" href=\"https:\/\/vanderdriftroses.com\/fr\/martin-jaime-faire-partie-dune-equipe-gagnante\/\" tabindex=\"-1\" ><div class=\"elementor-post__thumbnail\"><img fetchpriority=\"high\" decoding=\"async\" width=\"2500\" height=\"1667\" src=\"https:\/\/vanderdriftroses.com\/wp-content\/uploads\/2021\/05\/075A5895-1.jpg\" class=\"attachment-full size-full wp-image-1717\" alt=\"\" srcset=\"https:\/\/vanderdriftroses.com\/wp-content\/uploads\/2021\/05\/075A5895-1.jpg 2500w, https:\/\/vanderdriftroses.com\/wp-content\/uploads\/2021\/05\/075A5895-1-300x200.jpg 300w, https:\/\/vanderdriftroses.com\/wp-content\/uploads\/2021\/05\/075A5895-1-1024x683.jpg 1024w, https:\/\/vanderdriftroses.com\/wp-content\/uploads\/2021\/05\/075A5895-1-768x512.jpg 768w, https:\/\/vanderdriftroses.com\/wp-content\/uploads\/2021\/05\/075A5895-1-1536x1024.jpg 1536w, https:\/\/vanderdriftroses.com\/wp-content\/uploads\/2021\/05\/075A5895-1-2048x1366.jpg 2048w\" sizes=\"(max-width: 2500px) 100vw, 2500px\" \/><\/div><\/a>\n\t\t\t\t<div class=\"elementor-post__text\">\n\t\t\t\t<h3 class=\"elementor-post__title\">\n\t\t\t<a href=\"https:\/\/vanderdriftroses.com\/fr\/martin-jaime-faire-partie-dune-equipe-gagnante\/\" >\n\t\t\t\tMartin: \u00ab\u00a0J&rsquo;aime faire partie d&rsquo;une \u00e9quipe gagnante.\u00a0\u00bb\t\t\t<\/a>\n\t\t<\/h3>\n\t\t\t\t<div class=\"elementor-post__excerpt\">\n\t\t\t<p>Martin: \u00ab\u00a0En 2002, je suis venu chercher un bouquet de roses pour surprendre ma famille pendant No\u00ebl. \u00c0 l&rsquo;int\u00e9rieur, j&rsquo;ai vu quelques dames turques derri\u00e8re<\/p>\n\t\t<\/div>\n\t\t\n\t\t<a class=\"elementor-post__read-more\" href=\"https:\/\/vanderdriftroses.com\/fr\/martin-jaime-faire-partie-dune-equipe-gagnante\/\" aria-label=\"En savoir plus sur Martin: \u00ab\u00a0J&rsquo;aime faire partie d&rsquo;une \u00e9quipe gagnante.\u00a0\u00bb\" tabindex=\"-1\" >\n\t\t\tLire la suite \t\t<\/a>\n\n\t\t\t\t<\/div>\n\t\t\t\t\t<\/div>\n\t\t<\/article>\n\t\t\t\t<article class=\"elementor-post elementor-grid-item post-2071 post type-post status-publish format-standard has-post-thumbnail hentry category-lequipe\">\n\t\t\t<div class=\"elementor-post__card\">\n\t\t\t\t<a class=\"elementor-post__thumbnail__link\" href=\"https:\/\/vanderdriftroses.com\/fr\/nikita-le-sang-des-horticulteurs-coule-la-ou-il-ne-peut-pas-aller\/\" tabindex=\"-1\" ><div class=\"elementor-post__thumbnail\"><img decoding=\"async\" width=\"768\" height=\"1024\" src=\"https:\/\/vanderdriftroses.com\/wp-content\/uploads\/2021\/07\/WhatsApp-Image-2021-09-30-at-12.53.55.jpeg\" class=\"attachment-full size-full wp-image-1697\" alt=\"\" srcset=\"https:\/\/vanderdriftroses.com\/wp-content\/uploads\/2021\/07\/WhatsApp-Image-2021-09-30-at-12.53.55.jpeg 768w, https:\/\/vanderdriftroses.com\/wp-content\/uploads\/2021\/07\/WhatsApp-Image-2021-09-30-at-12.53.55-225x300.jpeg 225w\" sizes=\"(max-width: 768px) 100vw, 768px\" \/><\/div><\/a>\n\t\t\t\t<div class=\"elementor-post__text\">\n\t\t\t\t<h3 class=\"elementor-post__title\">\n\t\t\t<a href=\"https:\/\/vanderdriftroses.com\/fr\/nikita-le-sang-des-horticulteurs-coule-la-ou-il-ne-peut-pas-aller\/\" >\n\t\t\t\tNikita: \u00ab\u00a0Le sang des horticulteurs coule l\u00e0 o\u00f9 il ne peut pas aller.\u00a0\u00bb\t\t\t<\/a>\n\t\t<\/h3>\n\t\t\t\t<div class=\"elementor-post__excerpt\">\n\t\t\t<p>&#13; \u00ab\u00a0Nikita explique : \u00ab\u00a0J&rsquo;ai eu ma propre serre de roses pendant 10 ans, avec mon fr\u00e8re Barry et mon p\u00e8re. Nous l&rsquo;avons arr\u00eat\u00e9e, et<\/p>\n\t\t<\/div>\n\t\t\n\t\t<a class=\"elementor-post__read-more\" href=\"https:\/\/vanderdriftroses.com\/fr\/nikita-le-sang-des-horticulteurs-coule-la-ou-il-ne-peut-pas-aller\/\" aria-label=\"En savoir plus sur Nikita: \u00ab\u00a0Le sang des horticulteurs coule l\u00e0 o\u00f9 il ne peut pas aller.\u00a0\u00bb\" tabindex=\"-1\" >\n\t\t\tLire la suite \t\t<\/a>\n\n\t\t\t\t<\/div>\n\t\t\t\t\t<\/div>\n\t\t<\/article>\n\t\t\t\t<article class=\"elementor-post elementor-grid-item post-2069 post type-post status-publish format-standard has-post-thumbnail hentry category-lequipe\">\n\t\t\t<div class=\"elementor-post__card\">\n\t\t\t\t<a class=\"elementor-post__thumbnail__link\" href=\"https:\/\/vanderdriftroses.com\/fr\/ronald-il-regne-ici-un-excellent-esprit-dequipe\/\" tabindex=\"-1\" ><div class=\"elementor-post__thumbnail\"><img decoding=\"async\" width=\"1833\" height=\"1222\" src=\"https:\/\/vanderdriftroses.com\/wp-content\/uploads\/2021\/07\/image001.jpg\" class=\"attachment-full size-full wp-image-1679\" alt=\"\" srcset=\"https:\/\/vanderdriftroses.com\/wp-content\/uploads\/2021\/07\/image001.jpg 1833w, https:\/\/vanderdriftroses.com\/wp-content\/uploads\/2021\/07\/image001-300x200.jpg 300w, https:\/\/vanderdriftroses.com\/wp-content\/uploads\/2021\/07\/image001-1024x683.jpg 1024w, https:\/\/vanderdriftroses.com\/wp-content\/uploads\/2021\/07\/image001-768x512.jpg 768w, https:\/\/vanderdriftroses.com\/wp-content\/uploads\/2021\/07\/image001-1536x1024.jpg 1536w\" sizes=\"(max-width: 1833px) 100vw, 1833px\" \/><\/div><\/a>\n\t\t\t\t<div class=\"elementor-post__text\">\n\t\t\t\t<h3 class=\"elementor-post__title\">\n\t\t\t<a href=\"https:\/\/vanderdriftroses.com\/fr\/ronald-il-regne-ici-un-excellent-esprit-dequipe\/\" >\n\t\t\t\tRonald: \u00ab\u00a0Il r\u00e8gne ici un excellent esprit d&rsquo;\u00e9quipe.\u00a0\u00bb\t\t\t<\/a>\n\t\t<\/h3>\n\t\t\t\t<div class=\"elementor-post__excerpt\">\n\t\t\t<p>Ronald: \u00ab\u00a0Je travaille chez Van der Drift depuis 2 ans, avec beaucoup de plaisir. J&rsquo;ai travaill\u00e9 pendant longtemps chez Porcella, un producteur de roses qui<\/p>\n\t\t<\/div>\n\t\t\n\t\t<a class=\"elementor-post__read-more\" href=\"https:\/\/vanderdriftroses.com\/fr\/ronald-il-regne-ici-un-excellent-esprit-dequipe\/\" aria-label=\"En savoir plus sur Ronald: \u00ab\u00a0Il r\u00e8gne ici un excellent esprit d&rsquo;\u00e9quipe.\u00a0\u00bb\" tabindex=\"-1\" >\n\t\t\tLire la suite \t\t<\/a>\n\n\t\t\t\t<\/div>\n\t\t\t\t\t<\/div>\n\t\t<\/article>\n\t\t\t\t<article class=\"elementor-post elementor-grid-item post-2067 post type-post status-publish format-standard has-post-thumbnail hentry category-lequipe\">\n\t\t\t<div class=\"elementor-post__card\">\n\t\t\t\t<a class=\"elementor-post__thumbnail__link\" href=\"https:\/\/vanderdriftroses.com\/fr\/rob-la-resistance-de-la-plante-doit-etre-bonne\/\" tabindex=\"-1\" ><div class=\"elementor-post__thumbnail\"><img loading=\"lazy\" decoding=\"async\" width=\"2500\" height=\"1667\" src=\"https:\/\/vanderdriftroses.com\/wp-content\/uploads\/2021\/07\/075A5952.jpg\" class=\"attachment-full size-full wp-image-1681\" alt=\"\" srcset=\"https:\/\/vanderdriftroses.com\/wp-content\/uploads\/2021\/07\/075A5952.jpg 2500w, https:\/\/vanderdriftroses.com\/wp-content\/uploads\/2021\/07\/075A5952-300x200.jpg 300w, https:\/\/vanderdriftroses.com\/wp-content\/uploads\/2021\/07\/075A5952-1024x683.jpg 1024w, https:\/\/vanderdriftroses.com\/wp-content\/uploads\/2021\/07\/075A5952-768x512.jpg 768w, https:\/\/vanderdriftroses.com\/wp-content\/uploads\/2021\/07\/075A5952-1536x1024.jpg 1536w, https:\/\/vanderdriftroses.com\/wp-content\/uploads\/2021\/07\/075A5952-2048x1366.jpg 2048w\" sizes=\"(max-width: 2500px) 100vw, 2500px\" \/><\/div><\/a>\n\t\t\t\t<div class=\"elementor-post__text\">\n\t\t\t\t<h3 class=\"elementor-post__title\">\n\t\t\t<a href=\"https:\/\/vanderdriftroses.com\/fr\/rob-la-resistance-de-la-plante-doit-etre-bonne\/\" >\n\t\t\t\tRob: \u00ab\u00a0La r\u00e9sistance de la plante doit \u00eatre bonne.\u00a0\u00bb\t\t\t<\/a>\n\t\t<\/h3>\n\t\t\t\t<div class=\"elementor-post__excerpt\">\n\t\t\t<p>Rob travaille dans l&rsquo;entreprise depuis 2017. \u00ab\u00a0Chaque jour, je parcours les cultures pour v\u00e9rifier que tout va bien. Je surveille la pr\u00e9sence de l&rsquo;o\u00efdium, des<\/p>\n\t\t<\/div>\n\t\t\n\t\t<a class=\"elementor-post__read-more\" href=\"https:\/\/vanderdriftroses.com\/fr\/rob-la-resistance-de-la-plante-doit-etre-bonne\/\" aria-label=\"En savoir plus sur Rob: \u00ab\u00a0La r\u00e9sistance de la plante doit \u00eatre bonne.\u00a0\u00bb\" tabindex=\"-1\" >\n\t\t\tLire la suite \t\t<\/a>\n\n\t\t\t\t<\/div>\n\t\t\t\t\t<\/div>\n\t\t<\/article>\n\t\t\t\t<article class=\"elementor-post elementor-grid-item post-2065 post type-post status-publish format-standard has-post-thumbnail hentry category-lequipe\">\n\t\t\t<div class=\"elementor-post__card\">\n\t\t\t\t<a class=\"elementor-post__thumbnail__link\" href=\"https:\/\/vanderdriftroses.com\/fr\/agnieszka-je-suis-un-element-de-liaison-entre-lemployeur-et-lemploye\/\" tabindex=\"-1\" ><div class=\"elementor-post__thumbnail\"><img loading=\"lazy\" decoding=\"async\" width=\"2500\" height=\"1667\" src=\"https:\/\/vanderdriftroses.com\/wp-content\/uploads\/2021\/09\/075A5875.jpg\" class=\"attachment-full size-full wp-image-1693\" alt=\"\" srcset=\"https:\/\/vanderdriftroses.com\/wp-content\/uploads\/2021\/09\/075A5875.jpg 2500w, https:\/\/vanderdriftroses.com\/wp-content\/uploads\/2021\/09\/075A5875-300x200.jpg 300w, https:\/\/vanderdriftroses.com\/wp-content\/uploads\/2021\/09\/075A5875-1024x683.jpg 1024w, https:\/\/vanderdriftroses.com\/wp-content\/uploads\/2021\/09\/075A5875-768x512.jpg 768w, https:\/\/vanderdriftroses.com\/wp-content\/uploads\/2021\/09\/075A5875-1536x1024.jpg 1536w, https:\/\/vanderdriftroses.com\/wp-content\/uploads\/2021\/09\/075A5875-2048x1366.jpg 2048w\" sizes=\"(max-width: 2500px) 100vw, 2500px\" \/><\/div><\/a>\n\t\t\t\t<div class=\"elementor-post__text\">\n\t\t\t\t<h3 class=\"elementor-post__title\">\n\t\t\t<a href=\"https:\/\/vanderdriftroses.com\/fr\/agnieszka-je-suis-un-element-de-liaison-entre-lemployeur-et-lemploye\/\" >\n\t\t\t\tAgnieszka : \u00ab\u00a0Je suis un \u00e9l\u00e9ment de liaison entre l&#8217;employeur et l&#8217;employ\u00e9.\u00a0\u00bb\t\t\t<\/a>\n\t\t<\/h3>\n\t\t\t\t<div class=\"elementor-post__excerpt\">\n\t\t\t<p>&#13; J&rsquo;\u00e9tais en train d&rsquo;\u00e9tudier l&rsquo;Histoire lorsque mon ami a commenc\u00e9 \u00e0 travailler chez Jan van der Drift pendant les vacances pour gagner un peu<\/p>\n\t\t<\/div>\n\t\t\n\t\t<a class=\"elementor-post__read-more\" href=\"https:\/\/vanderdriftroses.com\/fr\/agnieszka-je-suis-un-element-de-liaison-entre-lemployeur-et-lemploye\/\" aria-label=\"En savoir plus sur Agnieszka : \u00ab\u00a0Je suis un \u00e9l\u00e9ment de liaison entre l&#8217;employeur et l&#8217;employ\u00e9.\u00a0\u00bb\" tabindex=\"-1\" >\n\t\t\tLire la suite \t\t<\/a>\n\n\t\t\t\t<\/div>\n\t\t\t\t\t<\/div>\n\t\t<\/article>\n\t\t\t\t<article class=\"elementor-post elementor-grid-item post-2061 post type-post status-publish format-standard has-post-thumbnail hentry category-lequipe\">\n\t\t\t<div class=\"elementor-post__card\">\n\t\t\t\t<a class=\"elementor-post__thumbnail__link\" href=\"https:\/\/vanderdriftroses.com\/fr\/quand-je-livre-les-roses-tout-le-monde-reagit-toujours-avec-beaucoup-denthousiasme-a-mon-arrivee\/\" tabindex=\"-1\" ><div class=\"elementor-post__thumbnail\"><img loading=\"lazy\" decoding=\"async\" width=\"821\" height=\"654\" src=\"https:\/\/vanderdriftroses.com\/wp-content\/uploads\/2021\/11\/Shirley_van-der-Drift.jpeg\" class=\"attachment-full size-full wp-image-2031\" alt=\"\" srcset=\"https:\/\/vanderdriftroses.com\/wp-content\/uploads\/2021\/11\/Shirley_van-der-Drift.jpeg 821w, https:\/\/vanderdriftroses.com\/wp-content\/uploads\/2021\/11\/Shirley_van-der-Drift-300x239.jpeg 300w, https:\/\/vanderdriftroses.com\/wp-content\/uploads\/2021\/11\/Shirley_van-der-Drift-768x612.jpeg 768w\" sizes=\"(max-width: 821px) 100vw, 821px\" \/><\/div><\/a>\n\t\t\t\t<div class=\"elementor-post__text\">\n\t\t\t\t<h3 class=\"elementor-post__title\">\n\t\t\t<a href=\"https:\/\/vanderdriftroses.com\/fr\/quand-je-livre-les-roses-tout-le-monde-reagit-toujours-avec-beaucoup-denthousiasme-a-mon-arrivee\/\" >\n\t\t\t\t\u00ab\u00a0Quand je livre les roses, tout le monde r\u00e9agit toujours avec beaucoup d&rsquo;enthousiasme \u00e0 mon arriv\u00e9e.\u00a0\u00bb\t\t\t<\/a>\n\t\t<\/h3>\n\t\t\t\t<div class=\"elementor-post__excerpt\">\n\t\t\t<p>Marc m&rsquo;a demand\u00e9 si je pouvais l&rsquo;assister pendant le premier confinement d\u00fb \u00e0 la Covid-19. Les exportations ont \u00e9t\u00e9 bloqu\u00e9es du jour au lendemain et<\/p>\n\t\t<\/div>\n\t\t\n\t\t<a class=\"elementor-post__read-more\" href=\"https:\/\/vanderdriftroses.com\/fr\/quand-je-livre-les-roses-tout-le-monde-reagit-toujours-avec-beaucoup-denthousiasme-a-mon-arrivee\/\" aria-label=\"En savoir plus sur \u00ab\u00a0Quand je livre les roses, tout le monde r\u00e9agit toujours avec beaucoup d&rsquo;enthousiasme \u00e0 mon arriv\u00e9e.\u00a0\u00bb\" tabindex=\"-1\" >\n\t\t\tLire la suite \t\t<\/a>\n\n\t\t\t\t<\/div>\n\t\t\t\t\t<\/div>\n\t\t<\/article>\n\t\t\t\t<\/div>\n\t\t\n\t\t\t\t\t\t<\/div>\n\t\t\t\t<\/div>\n\t\t\t\t\t<\/div>\n\t\t<\/div>\n\t\t\t\t\t<\/div>\n\t\t<\/section>\n\t\t\t\t<\/div>\n\t\t","protected":false},"excerpt":{"rendered":"<p>L&rsquo;\u00e9quipe<\/p>\n","protected":false},"author":1,"featured_media":0,"parent":0,"menu_order":0,"comment_status":"closed","ping_status":"closed","template":"","meta":{"footnotes":""},"class_list":["post-2081","page","type-page","status-publish","hentry"],"yoast_head":"<!-- This site is optimized with the Yoast SEO plugin v26.0 - https:\/\/yoast.com\/wordpress\/plugins\/seo\/ -->\n<title>L&#039;\u00e9quipe - Van de Drift Roses<\/title>\n<meta name=\"robots\" content=\"index, follow, max-snippet:-1, max-image-preview:large, max-video-preview:-1\" \/>\n<link rel=\"canonical\" href=\"https:\/\/vanderdriftroses.com\/het-team\/\" \/>\n<meta property=\"og:locale\" content=\"fr_FR\" \/>\n<meta property=\"og:type\" content=\"article\" \/>\n<meta property=\"og:title\" content=\"L&#039;\u00e9quipe - Van de Drift Roses\" \/>\n<meta property=\"og:description\" content=\"L&rsquo;\u00e9quipe\" \/>\n<meta property=\"og:url\" content=\"https:\/\/vanderdriftroses.com\/het-team\/\" \/>\n<meta property=\"og:site_name\" content=\"Van de Drift Roses\" \/>\n<meta name=\"twitter:card\" content=\"summary_large_image\" \/>\n<script type=\"application\/ld+json\" class=\"yoast-schema-graph\">{\"@context\":\"https:\/\/schema.org\",\"@graph\":[{\"@type\":\"WebPage\",\"@id\":\"https:\/\/vanderdriftroses.com\/het-team\/\",\"url\":\"https:\/\/vanderdriftroses.com\/het-team\/\",\"name\":\"L'\u00e9quipe - Van de Drift Roses\",\"isPartOf\":{\"@id\":\"https:\/\/vanderdriftroses.com\/#website\"},\"datePublished\":\"2023-06-07T09:56:23+00:00\",\"breadcrumb\":{\"@id\":\"https:\/\/vanderdriftroses.com\/het-team\/#breadcrumb\"},\"inLanguage\":\"fr-FR\",\"potentialAction\":[{\"@type\":\"ReadAction\",\"target\":[\"https:\/\/vanderdriftroses.com\/het-team\/\"]}]},{\"@type\":\"BreadcrumbList\",\"@id\":\"https:\/\/vanderdriftroses.com\/het-team\/#breadcrumb\",\"itemListElement\":[{\"@type\":\"ListItem\",\"position\":1,\"name\":\"Home\",\"item\":\"https:\/\/vanderdriftroses.com\/fr\/\"},{\"@type\":\"ListItem\",\"position\":2,\"name\":\"L&#8217;\u00e9quipe\"}]},{\"@type\":\"WebSite\",\"@id\":\"https:\/\/vanderdriftroses.com\/#website\",\"url\":\"https:\/\/vanderdriftroses.com\/\",\"name\":\"Van de Drift Roses\",\"description\":\"\",\"potentialAction\":[{\"@type\":\"SearchAction\",\"target\":{\"@type\":\"EntryPoint\",\"urlTemplate\":\"https:\/\/vanderdriftroses.com\/?s={search_term_string}\"},\"query-input\":{\"@type\":\"PropertyValueSpecification\",\"valueRequired\":true,\"valueName\":\"search_term_string\"}}],\"inLanguage\":\"fr-FR\"}]}<\/script>\n<!-- \/ Yoast SEO plugin. -->","yoast_head_json":{"title":"L'\u00e9quipe - Van de Drift Roses","robots":{"index":"index","follow":"follow","max-snippet":"max-snippet:-1","max-image-preview":"max-image-preview:large","max-video-preview":"max-video-preview:-1"},"canonical":"https:\/\/vanderdriftroses.com\/het-team\/","og_locale":"fr_FR","og_type":"article","og_title":"L'\u00e9quipe - Van de Drift Roses","og_description":"L&rsquo;\u00e9quipe","og_url":"https:\/\/vanderdriftroses.com\/het-team\/","og_site_name":"Van de Drift Roses","twitter_card":"summary_large_image","schema":{"@context":"https:\/\/schema.org","@graph":[{"@type":"WebPage","@id":"https:\/\/vanderdriftroses.com\/het-team\/","url":"https:\/\/vanderdriftroses.com\/het-team\/","name":"L'\u00e9quipe - Van de Drift Roses","isPartOf":{"@id":"https:\/\/vanderdriftroses.com\/#website"},"datePublished":"2023-06-07T09:56:23+00:00","breadcrumb":{"@id":"https:\/\/vanderdriftroses.com\/het-team\/#breadcrumb"},"inLanguage":"fr-FR","potentialAction":[{"@type":"ReadAction","target":["https:\/\/vanderdriftroses.com\/het-team\/"]}]},{"@type":"BreadcrumbList","@id":"https:\/\/vanderdriftroses.com\/het-team\/#breadcrumb","itemListElement":[{"@type":"ListItem","position":1,"name":"Home","item":"https:\/\/vanderdriftroses.com\/fr\/"},{"@type":"ListItem","position":2,"name":"L&#8217;\u00e9quipe"}]},{"@type":"WebSite","@id":"https:\/\/vanderdriftroses.com\/#website","url":"https:\/\/vanderdriftroses.com\/","name":"Van de Drift Roses","description":"","potentialAction":[{"@type":"SearchAction","target":{"@type":"EntryPoint","urlTemplate":"https:\/\/vanderdriftroses.com\/?s={search_term_string}"},"query-input":{"@type":"PropertyValueSpecification","valueRequired":true,"valueName":"search_term_string"}}],"inLanguage":"fr-FR"}]}},"_links":{"self":[{"href":"https:\/\/vanderdriftroses.com\/fr\/wp-json\/wp\/v2\/pages\/2081","targetHints":{"allow":["GET"]}}],"collection":[{"href":"https:\/\/vanderdriftroses.com\/fr\/wp-json\/wp\/v2\/pages"}],"about":[{"href":"https:\/\/vanderdriftroses.com\/fr\/wp-json\/wp\/v2\/types\/page"}],"author":[{"embeddable":true,"href":"https:\/\/vanderdriftroses.com\/fr\/wp-json\/wp\/v2\/users\/1"}],"replies":[{"embeddable":true,"href":"https:\/\/vanderdriftroses.com\/fr\/wp-json\/wp\/v2\/comments?post=2081"}],"version-history":[{"count":1,"href":"https:\/\/vanderdriftroses.com\/fr\/wp-json\/wp\/v2\/pages\/2081\/revisions"}],"predecessor-version":[{"id":2082,"href":"https:\/\/vanderdriftroses.com\/fr\/wp-json\/wp\/v2\/pages\/2081\/revisions\/2082"}],"wp:attachment":[{"href":"https:\/\/vanderdriftroses.com\/fr\/wp-json\/wp\/v2\/media?parent=2081"}],"curies":[{"name":"wp","href":"https:\/\/api.w.org\/{rel}","templated":true}]}}